{"id":2500,"date":"2024-06-13T11:37:13","date_gmt":"2024-06-13T09:37:13","guid":{"rendered":"https:\/\/corneliarainer.com\/biography\/"},"modified":"2025-02-19T05:59:59","modified_gmt":"2025-02-19T04:59:59","slug":"biography","status":"publish","type":"page","link":"https:\/\/corneliarainer.com\/en\/biography\/","title":{"rendered":"About me"},"content":{"rendered":"\n<div class=\"wp-block-group\"><div class=\"wp-block-group__inner-container is-layout-constrained wp-block-group-is-layout-constrained\">\n<div class=\"wp-block-columns is-layout-flex wp-container-core-columns-is-layout-9d6595d7 wp-block-columns-is-layout-flex\">\n<div class=\"wp-block-column is-layout-flow wp-block-column-is-layout-flow\">\n<figure class=\"wp-block-image size-large is-style-default\"><img width=\"1350\" height=\"900\" data-src=\"https:\/\/corneliarainer.com\/cmr\/wp-content\/uploads\/2025\/02\/CorneliaRainer_DSC03824-1_fin-1-1350x900.jpg\" alt=\"\" class=\"wp-image-2858 lazy\" title=\"Foto: ...\" srcset=\"https:\/\/corneliarainer.com\/cmr\/wp-content\/uploads\/2025\/02\/CorneliaRainer_DSC03824-1_fin-1-1350x900.jpg 1350w, https:\/\/corneliarainer.com\/cmr\/wp-content\/uploads\/2025\/02\/CorneliaRainer_DSC03824-1_fin-1-675x450.jpg 675w, https:\/\/corneliarainer.com\/cmr\/wp-content\/uploads\/2025\/02\/CorneliaRainer_DSC03824-1_fin-1-768x512.jpg 768w, https:\/\/corneliarainer.com\/cmr\/wp-content\/uploads\/2025\/02\/CorneliaRainer_DSC03824-1_fin-1-800x533.jpg 800w\" sizes=\"(max-width: 1350px) 100vw, 1350px\" \/><\/figure>\n\n\n\n<p><\/p>\n\n\n\n<p>I grew up in Lienz, East Tyrol, and have been working as a director in Austria and internationally since 2007, including at the Burgtheater Vienna, the Salzburg Festival, and the Festival d&#8217;Avignon IN. In 2023, I completed my first film, &#8220;Gil und Dole&#8221;, which was longlisted at the UK Film Festival London and received an &#8216;Honorable Mention&#8217; at the Female Eye Film Festival in the TIFF Bell Lightbox, Toronto.<\/p>\n\n\n\n<p>Central to my work is observation and movement. My travels have taken me to France, Corsica, Scandinavia, North Africa, India, Japan and Southeast Asia as well as to extended stays in Paris and New York.<\/p>\n\n\n\n<p>At the heart of my work is the encounter with people and the telling of stories that touch a wide audience in a sensual and profound way, strengthening trust in human development.<\/p>\n\n\n\n<p>I currently live in Vienna with my family and two children.<\/p>\n\n\n\n<p><\/p>\n<\/div>\n\n\n\n<div class=\"wp-block-column is-layout-flow wp-block-column-is-layout-flow\"><\/div>\n<\/div>\n\n\n\n<h3 class=\"wp-block-heading\">Venues and Festival Appearances <\/h3>\n\n\n\n<div class=\"wp-block-group is-style-cr-2col\"><div class=\"wp-block-group__inner-container is-layout-constrained wp-block-group-is-layout-constrained\">\n<p>\u2013 TIFF Bell Lightbox Toronto<br>\u2013 Bregenz Festival\/ Art from the time<br>\u2013 Burgtheater Vienna<br>\u2013 Centre Dramatique National de Normandie-Rouen<br>\u2013 Deutsches Schauspielhaus Hamburg<br>\u2013 Festival d\u2019Avignon, Cours Saint Joseph<br>\u2013 Ludwigsburg Castle Festival<br>\u2013 Wien Modern Music Festival<br>\u2013 Philharmonie Luxembourg<br>\u2013 Raimundspiele Gutenstein<br>\u2013 Salzburg Festival\/ Young Directors Project<br>\u2013 Reichenau Festival<br>\u2013 City Theater Klagenfurt<br>\u2013 Thalia Theater Hamburg<br>\u2013 Theater an der Wien<br>\u2013 Theater Jungle Vienna<br>\u2013 Theater Odeon Vienna<br>\u2013 Theater Trier<br>\u2013 Th\u00e9\u00e2tre du Rond Point Paris<br>\u2013 Tyrolean Festival Erl<\/p>\n<\/div><\/div>\n\n\n\n<h3 class=\"wp-block-heading\">Studies<\/h3>\n\n\n\n<div class=\"wp-block-group\"><div class=\"wp-block-group__inner-container is-layout-constrained wp-block-group-is-layout-constrained\">\n<h6 class=\"wp-block-heading\"><strong>Studies in Theater, Film, and Media Studies, French, and Philosophy&nbsp;&nbsp;<\/strong><\/h6>\n\n\n\n<p>University of Vienna, Sorbonne Nouvelle Paris III, Universit\u00e9 Saint Denis\/Paris VIII.<br>2012 Graduated from the University of Vienna with a thesis titled &#8220;Staging Presence.&#8221;<\/p>\n\n\n\n<h6 class=\"wp-block-heading\"><strong>Assistant Director at the Burgtheater Vienna&nbsp;&nbsp;<\/strong><\/h6>\n\n\n\n<p>(2005\u20132009) Including work with Andrea Breth, Stefan Bachmann, Karin Beier, and Jan Bosse. During this time, I also staged my first productions, including my own play &#8220;<a href=\"https:\/\/corneliarainer.com\/en\/production\/the-ability-to-find-home\/\" data-type=\"inszenierung\" data-id=\"2575\">The ability of finding home<\/a>&#8220;.<\/p>\n\n\n\n<h6 class=\"wp-block-heading\"><strong>Staged Readings\/ Mises en Lecture <\/strong><br><\/h6>\n\n\n\n<p>(2004\u20132007), including the Author Workshops at the Burgtheater Vienna, at the Schauspielhaus Vienna, as well as the play &#8216;Sept fois sommeil&#8217; at various theater festivals in France.<\/p>\n\n\n\n<h6 class=\"wp-block-heading\"><strong>Theater-Internships<\/strong><\/h6>\n\n\n\n<p>At the Thalia Theater Hamburg (with Andreas Kriegenburg), the Tiroler Festspiele Erl, and the Th\u00e9\u00e2tre de l\u2019Atalante in Paris.<\/p>\n\n\n\n<h6 class=\"wp-block-heading\"><strong>International Theater Workshops<\/strong><\/h6>\n\n\n\n<p>With Peter Brook at the Th\u00e9\u00e2tre des Bouffes du Nord, at the German-French Forum for Young Arts, at the International Visual Theater and the Th\u00e9\u00e2tre du Mouvement in Paris.<\/p>\n\n\n\n<h6 class=\"wp-block-heading\"><strong>International Guest Student<\/strong><\/h6>\n\n\n\n<p>At the International College of Performing Arts in Taipei, with a focus on traditional Peking Opera arts in Taiwan. <\/p>\n<\/div><\/div>\n\n\n\n<div class=\"wp-block-columns is-layout-flex wp-container-core-columns-is-layout-9d6595d7 wp-block-columns-is-layout-flex\">\n<div class=\"wp-block-column is-layout-flow wp-block-column-is-layout-flow\">\n<h3 class=\"wp-block-heading\">Writing<\/h3>\n\n\n\n<p>As a writer, I am represented by&nbsp;<a href=\"https:\/\/sesslerverlag.at\/theater\/autoren\/autoren\/rainer\/\">Thomas Sessler Verlag<\/a>&nbsp;in Vienna and<a href=\"https:\/\/www.rowohlt-theaterverlag.de\/bearbeiter\/cornelia-rainer-565\">&nbsp;Rowohlt Theaterverlag.<\/a><\/p>\n\n\n\n<div style=\"height:42px\" aria-hidden=\"true\" class=\"wp-block-spacer\"><\/div>\n\n\n\n<h3 class=\"wp-block-heading\">MUSIC<\/h3>\n\n\n\n<p>Music has shaped me since my childhood: I learned the oboe at the Lienz Music School before beginning my vocal training with Josef Oberwalder (Osttiroler Viergesang).<\/p>\n\n\n\n<p>My vocal studies first took me to the \u00c9cole Nationale de Musique de Pantin in Paris, and I completed my studies in 2021 with a degree in &#8220;Lieder and Oratorio&#8221; at the Conservatory of Church Music in Vienna.<\/p>\n\n\n\n<p>An impression of my work as a singer can be gained from the recording of <a href=\"https:\/\/open.spotify.com\/intl-de\/album\/5uNIBjckEdRBwqIKUG5MAZ?si=8JOMy-mGSmaiF-UFtI3dBw&amp;nd=1&amp;dlsi=613dc7ccd9bd4af7\">&#8220;Brahms&#8217; Folk Songs&#8221;<\/a> with the Musicbanda Franui, as part of my production <a href=\"https:\/\/corneliarainer.com\/en\/production\/only-one-face\/\" data-type=\"inszenierung\" data-id=\"2573\">&#8220;Only one Face&#8221; <\/a>at the Bregenz Festival \/ Kunst aus der Zeit.<\/p>\n<\/div>\n\n\n\n<div class=\"wp-block-column is-layout-flow wp-block-column-is-layout-flow\">\n<h3 class=\"wp-block-heading\">Teaching<\/h3>\n\n\n\n<p>I am also dedicated to teaching, having worked as a guest lecturer at the Private University of Vienna and as a university assistant at the University of Music and Performing Arts Graz. In Vienna, I led the &#8216;International Masterclass Program&#8217; of my former theater company <a href=\"http:\/\/www.theatermontagnesrusses.com\">&#8220;Theater Montagnes Russes&#8221; <\/a>where directors from Austria and internationally were invited, creating new working relationships for networking, including film director Adrian Goiginger.<\/p>\n\n\n\n<div style=\"height:42px\" aria-hidden=\"true\" class=\"wp-block-spacer\"><\/div>\n\n\n\n<h3 class=\"wp-block-heading\">JURY<\/h3>\n\n\n\n<p>From 2017 to 2023, I was a jury member at the Federal Ministry for Arts and Culture in the Department of Music and Performing Arts, gaining extensive insight into the Austrian theater landscape.<\/p>\n\n\n\n<p><\/p>\n\n\n\n<h3 class=\"wp-block-heading\">Speaker<\/h3>\n\n\n\n<p>I am the founder of the platform &#8220;B\u00fchne der Macht\u00a9&#8221; (&#8220;Stage of power&#8221;) and analyze personal and structural power dynamics using methods from staging and acting. The platform is built on three pillars: Art \u2013 Humanity \u2013 Philosophy. As a speaker, my focus is on success strategies for women and nonverbal negotiation training. I completed my training as a power analyst with Christine Bauer-Jelinek and am currently enrolled in the postgraduate program *Philosophical Practice* at the University of Vienna, led by Donata Romizi and including courses with Konrad Paul Liessmann, among others. <\/p>\n<\/div>\n<\/div>\n\n\n\n<div class=\"wp-block-group is-style-default\"><div class=\"wp-block-group__inner-container is-layout-constrained wp-block-group-is-layout-constrained\">\n<h3 class=\"wp-block-heading\">AWARDS<\/h3>\n\n\n\n<p>**<strong>Longlist UK Film Festival London<\/strong>, in the category \u201cBest Foreign Short\u201d<br>\u201cGil und Dole\u201d (2023)&nbsp;<\/p>\n\n\n\n<p>**<strong>Honorable Mention, Female Eye Film Festival, Tiff Bell Light Box Toronto&nbsp;<\/strong><br>category \u201cBest Foreign Short\u201d<br>\u201cGil und Dole\u201d (2022)<\/p>\n\n\n\n<p>**&nbsp;<strong>Outstanding Artist Award<br><\/strong>\u201cJohanna\u201d (2014)<\/p>\n\n\n\n<p>**<strong>Nominated for the Stella Performing Arts Award<br><\/strong>\u201cJohanna\u201d (2014)<\/p>\n\n\n\n<p>**<strong>Nominated for the Montblanc Young Directors Award<br><\/strong>\u201cLenz\u201d (2012)<\/p>\n\n\n\n<h5 class=\"wp-block-heading\"><br><\/h5>\n\n\n\n<p><\/p>\n<\/div><\/div>\n<\/div><\/div>\n","protected":false},"excerpt":{"rendered":"<p>I grew up in Lienz, East Tyrol, and have been working as a director in Austria and internationally since 2007, including at the Burgtheater Vienna, the Salzburg Festival, and the Festival d&#8217;Avignon IN. In 2023, I completed my first film, &#8220;Gil und Dole&#8221;, which was longlisted at the UK Film Festival London and received an [&hellip;]<\/p>\n","protected":false},"author":2,"featured_media":2322,"parent":0,"menu_order":0,"comment_status":"closed","ping_status":"closed","template":"","meta":{"footnotes":""},"class_list":["post-2500","page","type-page","status-publish","has-post-thumbnail","hentry"],"acf":[],"_links":{"self":[{"href":"https:\/\/corneliarainer.com\/en\/wp-json\/wp\/v2\/pages\/2500","targetHints":{"allow":["GET"]}}],"collection":[{"href":"https:\/\/corneliarainer.com\/en\/wp-json\/wp\/v2\/pages"}],"about":[{"href":"https:\/\/corneliarainer.com\/en\/wp-json\/wp\/v2\/types\/page"}],"author":[{"embeddable":true,"href":"https:\/\/corneliarainer.com\/en\/wp-json\/wp\/v2\/users\/2"}],"replies":[{"embeddable":true,"href":"https:\/\/corneliarainer.com\/en\/wp-json\/wp\/v2\/comments?post=2500"}],"version-history":[{"count":48,"href":"https:\/\/corneliarainer.com\/en\/wp-json\/wp\/v2\/pages\/2500\/revisions"}],"predecessor-version":[{"id":2860,"href":"https:\/\/corneliarainer.com\/en\/wp-json\/wp\/v2\/pages\/2500\/revisions\/2860"}],"wp:featuredmedia":[{"embeddable":true,"href":"https:\/\/corneliarainer.com\/en\/wp-json\/wp\/v2\/media\/2322"}],"wp:attachment":[{"href":"https:\/\/corneliarainer.com\/en\/wp-json\/wp\/v2\/media?parent=2500"}],"curies":[{"name":"wp","href":"https:\/\/api.w.org\/{rel}","templated":true}]}}